{"id":6088,"date":"2022-05-08T12:03:58","date_gmt":"2022-05-08T12:03:58","guid":{"rendered":"http:\/\/ltr1.eu\/?page_id=6088"},"modified":"2022-06-10T16:06:03","modified_gmt":"2022-06-10T16:06:03","slug":"kontakt","status":"publish","type":"page","link":"https:\/\/ltr1.eu\/?page_id=6088","title":{"rendered":"Kontakt"},"content":{"rendered":"[vc_row type=&#8221;full_width_background&#8221; full_screen_row_position=&#8221;middle&#8221; column_margin=&#8221;default&#8221; column_direction=&#8221;default&#8221; column_direction_tablet=&#8221;default&#8221; column_direction_phone=&#8221;default&#8221; bg_color=&#8221;#2b2b2b&#8221; bg_image=&#8221;6101&#8243; bg_position=&#8221;center center&#8221; bg_repeat=&#8221;no-repeat&#8221; scene_position=&#8221;center&#8221; top_padding=&#8221;10%&#8221; bottom_padding=&#8221;10%&#8221; text_color=&#8221;light&#8221; text_align=&#8221;left&#8221; row_border_radius=&#8221;none&#8221; row_border_radius_applies=&#8221;bg&#8221; id=&#8221;culture&#8221; enable_gradient=&#8221;true&#8221; color_overlay=&#8221;#0a0a0a&#8221; overlay_strength=&#8221;0.5&#8243; gradient_direction=&#8221;top_to_bottom&#8221; shape_divider_position=&#8221;bottom&#8221; bg_image_animation=&#8221;none&#8221; shape_type=&#8221;&#8221;][vc_column column_padding=&#8221;no-extra-padding&#8221; column_padding_tablet=&#8221;inherit&#8221; column_padding_phone=&#8221;inherit&#8221; column_padding_position=&#8221;all&#8221; background_color_opacity=&#8221;1&#8243; background_hover_color_opacity=&#8221;1&#8243; column_shadow=&#8221;none&#8221; column_border_radius=&#8221;none&#8221; column_link_target=&#8221;_self&#8221; gradient_direction=&#8221;left_to_right&#8221; overlay_strength=&#8221;0.3&#8243; width=&#8221;1\/1&#8243; tablet_width_inherit=&#8221;default&#8221; tablet_text_alignment=&#8221;default&#8221; phone_text_alignment=&#8221;default&#8221; column_border_width=&#8221;none&#8221; column_border_style=&#8221;solid&#8221; bg_image_animation=&#8221;none&#8221;][split_line_heading animation_type=&#8221;default&#8221;]\n<h1>Porozmawiajmy<\/h1>\n[\/split_line_heading][\/vc_column][\/vc_row][vc_row type=&#8221;full_width_content&#8221; full_screen_row_position=&#8221;middle&#8221; column_margin=&#8221;default&#8221; equal_height=&#8221;yes&#8221; column_direction=&#8221;default&#8221; column_direction_tablet=&#8221;default&#8221; column_direction_phone=&#8221;default&#8221; bg_color=&#8221;#ffffff&#8221; scene_position=&#8221;center&#8221; text_color=&#8221;dark&#8221; text_align=&#8221;left&#8221; row_border_radius=&#8221;none&#8221; row_border_radius_applies=&#8221;bg&#8221; overlay_strength=&#8221;0.3&#8243; gradient_direction=&#8221;left_to_right&#8221; shape_divider_position=&#8221;bottom&#8221; bg_image_animation=&#8221;none&#8221; shape_type=&#8221;&#8221;][vc_column column_padding=&#8221;padding-5-percent&#8221; column_padding_tablet=&#8221;inherit&#8221; column_padding_phone=&#8221;inherit&#8221; column_padding_position=&#8221;all&#8221; background_color=&#8221;#fffcfc&#8221; background_color_opacity=&#8221;1&#8243; background_hover_color_opacity=&#8221;1&#8243; column_shadow=&#8221;none&#8221; column_border_radius=&#8221;none&#8221; column_link_target=&#8221;_self&#8221; enable_gradient=&#8221;true&#8221; gradient_direction=&#8221;left_to_right&#8221; overlay_strength=&#8221;0.3&#8243; width=&#8221;1\/2&#8243; tablet_width_inherit=&#8221;default&#8221; tablet_text_alignment=&#8221;default&#8221; phone_text_alignment=&#8221;default&#8221; column_border_width=&#8221;none&#8221; column_border_style=&#8221;solid&#8221; bg_image_animation=&#8221;none&#8221; enable_animation=&#8221;true&#8221; animation=&#8221;grow-in&#8221; delay=&#8221;200&#8243;][vc_column_text]\n<h3><strong>Krak\u00f3w (siedziba), Meble sklepowe \u2013 Wyposa\u017cenie sklep\u00f3w<\/strong><br \/>\nBiuro projektowe, wzorcownia materia\u0142\u00f3w<\/h3>\n<p>ul. Rydl\u00f3wka 20 ( okolice ronda Mateczny)<br \/>\n30-363 Krak\u00f3w<br \/>\ntel.\u00a0<a href=\"tel:126567117\">(0-12) 656-71-17<\/a><br \/>\ngodziny otwarcia: pon. \u2013 pt. 9:00-17:00<\/p>\n<h3>Zak\u0142ad produkcyjny<\/h3>\n<p>Dunajewskiego 47<br \/>\n32-064 Rudawa<br \/>\ntel.\u00a0<a href=\"tel:512393120\">512393120<\/a><br \/>\ne-mail:\u00a0<a href=\"mailto:biuroplyty@ltr1.pl\">biuroplyty@ltr1.pl<\/a><br \/>\n<strong><br \/>\nadresy e-mail:<\/strong><\/p>\n<p>Dzia\u0142 handlowy-\u00a0<a href=\"mailto:biurokrakow@ltr1.pl\">biurokrakow@ltr1.pl<\/a><br \/>\nMarketing \u2013\u00a0<a href=\"mailto:marketing@ltr1.pl\">marketing@ltr1.pl<\/a><br \/>\nKsi\u0119gowo\u015b\u0107 \u2013\u00a0<a href=\"mailto:ksiegowosc@ltr1.pl\">ksiegowosc@ltr1.pl<\/a><\/p>\n<p>&nbsp;[\/vc_column_text][\/vc_column][vc_column column_padding=&#8221;padding-8-percent&#8221; column_padding_tablet=&#8221;inherit&#8221; column_padding_phone=&#8221;inherit&#8221; column_padding_position=&#8221;all&#8221; background_color=&#8221;#cd1719&#8243; background_color_opacity=&#8221;0.9&#8243; background_hover_color_opacity=&#8221;1&#8243; background_image=&#8221;123&#8243; background_image_position=&#8221;center center&#8221; enable_bg_scale=&#8221;true&#8221; font_color=&#8221;#ffffff&#8221; column_shadow=&#8221;none&#8221; column_border_radius=&#8221;none&#8221; column_link_target=&#8221;_self&#8221; gradient_direction=&#8221;left_to_right&#8221; overlay_strength=&#8221;0.3&#8243; width=&#8221;1\/2&#8243; tablet_width_inherit=&#8221;default&#8221; tablet_text_alignment=&#8221;default&#8221; phone_text_alignment=&#8221;default&#8221; column_border_width=&#8221;none&#8221; column_border_style=&#8221;solid&#8221; bg_image_animation=&#8221;none&#8221; enable_animation=&#8221;true&#8221; animation=&#8221;grow-in&#8221; delay=&#8221;300&#8243;][vc_raw_html]JTVCY29udGFjdC1mb3JtLTclMjBpZCUzRCUyMjYwOTAlMjIlMjB0aXRsZSUzRCUyMkNvbnRhY3QlMjBmb3JtJTIwMSUyMiU1RA==[\/vc_raw_html][\/vc_column][\/vc_row][vc_row type=&#8221;full_width_content&#8221; full_screen_row_position=&#8221;middle&#8221; column_margin=&#8221;default&#8221; column_direction=&#8221;default&#8221; column_direction_tablet=&#8221;default&#8221; column_direction_phone=&#8221;default&#8221; scene_position=&#8221;center&#8221; text_color=&#8221;dark&#8221; text_align=&#8221;left&#8221; row_border_radius=&#8221;none&#8221; row_border_radius_applies=&#8221;bg&#8221; overlay_strength=&#8221;0.3&#8243; gradient_direction=&#8221;left_to_right&#8221; shape_divider_position=&#8221;bottom&#8221; bg_image_animation=&#8221;none&#8221; shape_type=&#8221;&#8221;][vc_column column_padding=&#8221;no-extra-padding&#8221; column_padding_tablet=&#8221;inherit&#8221; column_padding_phone=&#8221;inherit&#8221; column_padding_position=&#8221;all&#8221; background_color_opacity=&#8221;1&#8243; background_hover_color_opacity=&#8221;1&#8243; column_shadow=&#8221;none&#8221; column_border_radius=&#8221;none&#8221; column_link_target=&#8221;_self&#8221; gradient_direction=&#8221;left_to_right&#8221; overlay_strength=&#8221;0.3&#8243; width=&#8221;1\/1&#8243; tablet_width_inherit=&#8221;default&#8221; tablet_text_alignment=&#8221;default&#8221; phone_text_alignment=&#8221;default&#8221; column_border_width=&#8221;none&#8221; column_border_style=&#8221;solid&#8221; bg_image_animation=&#8221;none&#8221;][nectar_gmap map_type=&#8221;leaflet&#8221; zoom=&#8221;13&#8243; marker_style=&#8221;nectar&#8221; color=&#8221;accent-color&#8221; leaflet_map_greyscale=&#8221;1&#8243; size=&#8221;400&#8243; map_center_lat=&#8221;50.035552365674135&#8243; map_center_lng=&#8221;19.936708765066225&#8243; map_markers=&#8221;50.035552365674135 | 19.936708765066225 | Nasze biuro&#8221;][\/vc_column][\/vc_row]\n","protected":false},"excerpt":{"rendered":"<p>[vc_row type=&#8221;full_width_background&#8221; full_screen_row_position=&#8221;middle&#8221; column_margin=&#8221;default&#8221; column_direction=&#8221;default&#8221; column_direction_tablet=&#8221;default&#8221; column_direction_phone=&#8221;default&#8221; bg_color=&#8221;#2b2b2b&#8221; bg_image=&#8221;6101&#8243; bg_position=&#8221;center center&#8221; bg_repeat=&#8221;no-repeat&#8221; scene_position=&#8221;center&#8221; top_padding=&#8221;10%&#8221; bottom_padding=&#8221;10%&#8221; text_color=&#8221;light&#8221; text_align=&#8221;left&#8221; row_border_radius=&#8221;none&#8221; row_border_radius_applies=&#8221;bg&#8221; id=&#8221;culture&#8221; enable_gradient=&#8221;true&#8221; color_overlay=&#8221;#0a0a0a&#8221; overlay_strength=&#8221;0.5&#8243; gradient_direction=&#8221;top_to_bottom&#8221; shape_divider_position=&#8221;bottom&#8221;&#8230;<\/p>\n","protected":false},"author":1,"featured_media":0,"parent":0,"menu_order":0,"comment_status":"closed","ping_status":"closed","template":"","meta":{"footnotes":""},"class_list":["post-6088","page","type-page","status-publish"],"featured_image_src":null,"featured_image_src_square":null,"_links":{"self":[{"href":"https:\/\/ltr1.eu\/index.php?rest_route=\/wp\/v2\/pages\/6088","targetHints":{"allow":["GET"]}}],"collection":[{"href":"https:\/\/ltr1.eu\/index.php?rest_route=\/wp\/v2\/pages"}],"about":[{"href":"https:\/\/ltr1.eu\/index.php?rest_route=\/wp\/v2\/types\/page"}],"author":[{"embeddable":true,"href":"https:\/\/ltr1.eu\/index.php?rest_route=\/wp\/v2\/users\/1"}],"replies":[{"embeddable":true,"href":"https:\/\/ltr1.eu\/index.php?rest_route=%2Fwp%2Fv2%2Fcomments&post=6088"}],"version-history":[{"count":0,"href":"https:\/\/ltr1.eu\/index.php?rest_route=\/wp\/v2\/pages\/6088\/revisions"}],"wp:attachment":[{"href":"https:\/\/ltr1.eu\/index.php?rest_route=%2Fwp%2Fv2%2Fmedia&parent=6088"}],"curies":[{"name":"wp","href":"https:\/\/api.w.org\/{rel}","templated":true}]}}